{"id":47,"date":"2019-12-18T17:46:45","date_gmt":"2019-12-18T16:46:45","guid":{"rendered":"https:\/\/sabinecaujolle-psychopraticienne.fr\/?page_id=47"},"modified":"2025-02-20T18:38:57","modified_gmt":"2025-02-20T17:38:57","slug":"presentation","status":"publish","type":"page","link":"http:\/\/sabinecaujolle-psychopraticienne.fr\/","title":{"rendered":"Pr\u00e9sentation"},"content":{"rendered":"\t\t<div data-elementor-type=\"wp-page\" data-elementor-id=\"47\" class=\"elementor elementor-47\">\n\t\t\t\t\t\t<section class=\"elementor-section elementor-top-section elementor-element elementor-element-afad6b4 elementor-section-stretched elementor-section-boxed elementor-section-height-default elementor-section-height-default\" data-id=\"afad6b4\" data-element_type=\"section\" data-e-type=\"section\" data-settings=\"{&quot;stretch_section&quot;:&quot;section-stretched&quot;}\">\n\t\t\t\t\t\t<div class=\"elementor-container elementor-column-gap-default\">\n\t\t\t\t\t<div class=\"elementor-column elementor-col-100 elementor-top-column elementor-element elementor-element-552d9cb\" data-id=\"552d9cb\" data-element_type=\"column\" data-e-type=\"column\">\n\t\t\t<div class=\"elementor-widget-wrap elementor-element-populated\">\n\t\t\t\t\t\t<div class=\"elementor-element elementor-element-e8dedeb elementor-widget elementor-widget-heading\" data-id=\"e8dedeb\" data-element_type=\"widget\" data-e-type=\"widget\" data-widget_type=\"heading.default\">\n\t\t\t\t<div class=\"elementor-widget-container\">\n\t\t\t\t\t<h2 class=\"elementor-heading-title elementor-size-default\">Ma m\u00e9thode : l'analyse transactionnelle<\/h2>\t\t\t\t<\/div>\n\t\t\t\t<\/div>\n\t\t\t\t<div class=\"elementor-element elementor-element-d7925b8 elementor-widget elementor-widget-spacer\" data-id=\"d7925b8\" data-element_type=\"widget\" data-e-type=\"widget\" data-widget_type=\"spacer.default\">\n\t\t\t\t<div class=\"elementor-widget-container\">\n\t\t\t\t\t\t\t<div class=\"elementor-spacer\">\n\t\t\t<div class=\"elementor-spacer-inner\"><\/div>\n\t\t<\/div>\n\t\t\t\t\t\t<\/div>\n\t\t\t\t<\/div>\n\t\t\t\t<div class=\"elementor-element elementor-element-d83c14b elementor-widget elementor-widget-text-editor\" data-id=\"d83c14b\" data-element_type=\"widget\" data-e-type=\"widget\" data-widget_type=\"text-editor.default\">\n\t\t\t\t<div class=\"elementor-widget-container\">\n\t\t\t\t\t\t\t\t\t\n<h4><strong><span style=\"text-decoration: underline;\">D\u00e9finition<\/span> : <\/strong><\/h4>\n<h4><strong>L&rsquo;analyse transactionnelle est une th\u00e9orie de la personnalit\u00e9 et de la communication.<\/strong><\/h4>\n<p>\u00a0<\/p>\n\n<h5><strong>Elle est \u00e9galement un pr\u00e9cieux outil d&rsquo;analyse des syst\u00e8mes et des organisations.<\/strong><\/h5>\n<h5><\/h5>\n<h5><strong>L&rsquo;analyse transactionnelle permet de comprendre le \u00ab\u00a0fonctionnement\u00a0\u00bb des personnes et des groupes. \u00a0<\/strong><\/h5>\n<h5><\/h5>\n<h5><strong>J&rsquo; axe ma pratique sur la relation th\u00e9rapeutique, l&rsquo;\u00e9coute, les \u00e9motions,<br \/>en fonction des besoins et des ressources de la personne.\u00a0<\/strong><\/h5>\n<h5><\/h5>\n<h5><strong>LE BUT<\/strong><strong>\u00a0Prendre sa place dans la soci\u00e9t\u00e9,<br \/>mieux comprendre comment on a structur\u00e9 sa personnalit\u00e9, <br \/>analyser ses modes de fonctionnements.<br \/><br \/>Le but de l&rsquo;analyse transactionnelle est de d\u00e9velopper son autonomie, <br \/>sa conscience, sa spontan\u00e9it\u00e9<\/strong>.<\/h5>\n\t\t\t\t\t\t\t\t<\/div>\n\t\t\t\t<\/div>\n\t\t\t\t<div class=\"elementor-element elementor-element-31e1e13 elementor-widget elementor-widget-spacer\" data-id=\"31e1e13\" data-element_type=\"widget\" data-e-type=\"widget\" data-widget_type=\"spacer.default\">\n\t\t\t\t<div class=\"elementor-widget-container\">\n\t\t\t\t\t\t\t<div class=\"elementor-spacer\">\n\t\t\t<div class=\"elementor-spacer-inner\"><\/div>\n\t\t<\/div>\n\t\t\t\t\t\t<\/div>\n\t\t\t\t<\/div>\n\t\t\t\t\t<\/div>\n\t\t<\/div>\n\t\t\t\t\t<\/div>\n\t\t<\/section>\n\t\t\t\t<section class=\"elementor-section elementor-top-section elementor-element elementor-element-a32391c elementor-section-stretched elementor-section-boxed elementor-section-height-default elementor-section-height-default\" data-id=\"a32391c\" data-element_type=\"section\" data-e-type=\"section\" data-settings=\"{&quot;stretch_section&quot;:&quot;section-stretched&quot;}\">\n\t\t\t\t\t\t<div class=\"elementor-container elementor-column-gap-default\">\n\t\t\t\t\t<div class=\"elementor-column elementor-col-100 elementor-top-column elementor-element elementor-element-095b190\" data-id=\"095b190\" data-element_type=\"column\" data-e-type=\"column\">\n\t\t\t<div class=\"elementor-widget-wrap elementor-element-populated\">\n\t\t\t\t\t\t<div class=\"elementor-element elementor-element-5b13a7b elementor-widget elementor-widget-heading\" data-id=\"5b13a7b\" data-element_type=\"widget\" data-e-type=\"widget\" data-widget_type=\"heading.default\">\n\t\t\t\t<div class=\"elementor-widget-container\">\n\t\t\t\t\t<h2 class=\"elementor-heading-title elementor-size-default\">Quand consulter<\/h2>\t\t\t\t<\/div>\n\t\t\t\t<\/div>\n\t\t\t\t<div class=\"elementor-element elementor-element-60f583d elementor-widget elementor-widget-spacer\" data-id=\"60f583d\" data-element_type=\"widget\" data-e-type=\"widget\" data-widget_type=\"spacer.default\">\n\t\t\t\t<div class=\"elementor-widget-container\">\n\t\t\t\t\t\t\t<div class=\"elementor-spacer\">\n\t\t\t<div class=\"elementor-spacer-inner\"><\/div>\n\t\t<\/div>\n\t\t\t\t\t\t<\/div>\n\t\t\t\t<\/div>\n\t\t\t\t<div class=\"elementor-element elementor-element-ab3609f elementor-widget elementor-widget-text-editor\" data-id=\"ab3609f\" data-element_type=\"widget\" data-e-type=\"widget\" data-widget_type=\"text-editor.default\">\n\t\t\t\t<div class=\"elementor-widget-container\">\n\t\t\t\t\t\t\t\t\t<h3><strong>\u00a0 \u00a0D\u00e9pression (p\u00e9riode difficile, mal \u00eatre&#8230;)\u00a0<\/strong><\/h3>\n<h3><strong>Deuil, S\u00e9paration<\/strong><\/h3>\n<h3><strong>Anxi\u00e9t\u00e9 (trouble de l&rsquo;humeur)<\/strong><\/h3>\n<h3><strong>Troubles du comportement (phobies, obsession)<\/strong><\/h3>\n<h3><strong>Probl\u00e8mes relationnels (conflit familial, conflit au travail)<\/strong><\/h3>\t\t\t\t\t\t\t\t<\/div>\n\t\t\t\t<\/div>\n\t\t\t\t\t<\/div>\n\t\t<\/div>\n\t\t\t\t\t<\/div>\n\t\t<\/section>\n\t\t\t\t<\/div>\n\t\t","protected":false},"excerpt":{"rendered":"<p>[et_pb_section admin_label=\u00a0\u00bbsection\u00a0\u00bb] [et_pb_row admin_label=\u00a0\u00bbrow\u00a0\u00bb] [et_pb_column type=\u00a0\u00bb4_4&Prime;][et_pb_text admin_label=\u00a0\u00bbText\u00a0\u00bb] Ma m\u00e9thode : l&rsquo;analyse transactionnelle D\u00e9finition : L&rsquo;analyse transactionnelle est une th\u00e9orie de&hellip;<\/p>\n","protected":false},"author":2,"featured_media":0,"parent":0,"menu_order":0,"comment_status":"closed","ping_status":"closed","template":"","meta":{"footnotes":""},"class_list":["post-47","page","type-page","status-publish","hentry"],"_links":{"self":[{"href":"http:\/\/sabinecaujolle-psychopraticienne.fr\/index.php\/wp-json\/wp\/v2\/pages\/47","targetHints":{"allow":["GET"]}}],"collection":[{"href":"http:\/\/sabinecaujolle-psychopraticienne.fr\/index.php\/wp-json\/wp\/v2\/pages"}],"about":[{"href":"http:\/\/sabinecaujolle-psychopraticienne.fr\/index.php\/wp-json\/wp\/v2\/types\/page"}],"author":[{"embeddable":true,"href":"http:\/\/sabinecaujolle-psychopraticienne.fr\/index.php\/wp-json\/wp\/v2\/users\/2"}],"replies":[{"embeddable":true,"href":"http:\/\/sabinecaujolle-psychopraticienne.fr\/index.php\/wp-json\/wp\/v2\/comments?post=47"}],"version-history":[{"count":10,"href":"http:\/\/sabinecaujolle-psychopraticienne.fr\/index.php\/wp-json\/wp\/v2\/pages\/47\/revisions"}],"predecessor-version":[{"id":132,"href":"http:\/\/sabinecaujolle-psychopraticienne.fr\/index.php\/wp-json\/wp\/v2\/pages\/47\/revisions\/132"}],"wp:attachment":[{"href":"http:\/\/sabinecaujolle-psychopraticienne.fr\/index.php\/wp-json\/wp\/v2\/media?parent=47"}],"curies":[{"name":"wp","href":"https:\/\/api.w.org\/{rel}","templated":true}]}}